{"id":1449,"date":"2023-12-23T16:37:37","date_gmt":"2023-12-23T19:37:37","guid":{"rendered":"https:\/\/atopecirco.com\/?page_id=1449"},"modified":"2024-01-13T23:14:54","modified_gmt":"2024-01-14T02:14:54","slug":"circo-politico","status":"publish","type":"page","link":"https:\/\/atopecirco.com\/index.php\/circo-politico\/","title":{"rendered":"Circo politico"},"content":{"rendered":"\t\t<div data-elementor-type=\"wp-page\" data-elementor-id=\"1449\" class=\"elementor elementor-1449\">\n\t\t\t\t<div class=\"elementor-element elementor-element-2b842a9 e-con-full e-flex e-con e-parent\" data-id=\"2b842a9\" data-element_type=\"container\" data-settings=\"{&quot;background_background&quot;:&quot;classic&quot;}\">\n\t\t\t\t<div class=\"elementor-element elementor-element-0e47ac3 elementor-widget__width-inherit animated-slow elementor-widget-tablet__width-initial elementor-invisible elementor-widget elementor-widget-heading\" data-id=\"0e47ac3\" data-element_type=\"widget\" data-settings=\"{&quot;_animation&quot;:&quot;zoomIn&quot;}\" data-widget_type=\"heading.default\">\n\t\t\t\t<div class=\"elementor-widget-container\">\n\t\t\t\t\t<h2 class=\"elementor-heading-title elementor-size-default\">CIRCO POL\u00cdTICO<\/h2>\t\t\t\t<\/div>\n\t\t\t\t<\/div>\n\t\t<div class=\"elementor-element elementor-element-9a4f1bc e-flex e-con-boxed e-con e-child\" data-id=\"9a4f1bc\" data-element_type=\"container\">\n\t\t\t\t\t<div class=\"e-con-inner\">\n\t\t\t\t<div class=\"elementor-element elementor-element-23d4044 elementor-widget elementor-widget-text-editor\" data-id=\"23d4044\" data-element_type=\"widget\" data-widget_type=\"text-editor.default\">\n\t\t\t\t<div class=\"elementor-widget-container\">\n\t\t\t\t\t\t\t\t\t<p>Despu\u00e9s de varios a\u00f1os de reflexionar acerca de nuestras pr\u00e1cticas, producciones y haceres, como compa\u00f1\u00eda independiente, nos encontramos cuestionandonos acerca de las formas de nombrar lo que hacemos y fue as\u00ed como decidimos lanzarnos a la arriesgada aventura de preguntarnos, si el g\u00e9nero que denominamos circo contempor\u00e1neo, nos representa por completo.<\/p><p>A ra\u00edz de esta inquietud y desde nuestra experiencia, detectamos, que desde los comienzos del circo hasta la actualidad, el mismo se ha transformado, modificado, y adaptado al devenir de la historia. <br \/>Algunas pr\u00e1cticas conservan su tradici\u00f3n y otras mutan, articulandose con otras disciplinas y atravesando distintos procesos de investigaci\u00f3n. Es as\u00ed como creemos que surgen de esta modificaci\u00f3n constante, t\u00e9rminos como circo tradicional, nuevo circo, circo contempor\u00e1neo, Teatro acrob\u00e1tico, danza acrob\u00e1tica, entre otros. lo cual creemos que ha nutrido los lenguajes esc\u00e9nicos, est\u00e9ticos y art\u00edsticos.<\/p><p>Sin embargo, nos gustar\u00eda puntualizar en una problem\u00e1tica que detectamos y que creemos que se potencia a la hora de introducirnos en el circuito laboral,como compa\u00f1\u00edas independientes y que a su vez tiene incidencia directa en las creaciones que realizamos y el crecimiento de nuestro mercado laboral:<br \/>\u00bfC\u00f3mo nombramos nuestras pr\u00e1cticas a la hora de introducirnos en el mercado laboral aqu\u00ed en Argentina?.<\/p><p>A nuestro parecer, consideramos que esta mezcla de lenguajes, la necesidad de un reconocimiento econ\u00f3mico y la escasa demanda de un circuito laboral en relaci\u00f3n a las pr\u00e1cticas del circo, nos fue llevando a la b\u00fasqueda de estrategias para poder insertarnos en otros tipos de mercado, y de esa manera fuimos utilizando nombres tales como: \u201cTeatro acrob\u00e1tico\u201d, \u201cTeatro f\u00edsico y Circo\u201d, \u201cdanza acrob\u00e1tica\u201d etc. provocando, a nuestro entender, una p\u00e9rdida de identidad que se ve reflejada en la escasez de \u00e1mbitos donde mostramos nuestras producciones.<br \/>Esto nos llev\u00f3 a pensar,\u00bfc\u00f3mo se crea en\/desde el circo? y si estas denominaciones, de alguna u otra forma, hoy d\u00eda, no nos hacen perder soberan\u00eda sobre nuestras pr\u00e1cticas.<\/p><p>A partir de all\u00ed, empezamos a observar, que muchas veces, creamos espect\u00e1culos, desde el teatro, desde la danza, desde la performance, y no desde el circo en s\u00ed mismo.<\/p><p>Entendemos al circo como un arte din\u00e1mico que emerge desde las entra\u00f1as de la cultura, y se va transformando acorde al contexto en el que se desarrolla. <br \/>En nuestros comienzos nos posicionamos como herederos del circo contempor\u00e1neo, pero una vez que transitamos otros caminos y formas de hacer y construir espect\u00e1culos de circo, como en el circo callejero, o el circo tradicional, empezamos a observar, que al menos desde nuestra experiencia, estos se diferencian al circo llamado contempor\u00e1neo, en aspectos meramente est\u00e9ticos. Con esto, no es nuestra intenci\u00f3n negar que haya producciones que profundicen en otros aspectos, desde su construcci\u00f3n, pero s\u00ed creemos necesario comenzar a replantearnos las maneras y los conceptos que utilizamos a la hora de hacer Circo.<\/p><p>Mediante la observaci\u00f3n hacia nuestras maneras de crear, de pensar el circo, de producir y de vender nuestras producciones, creemos que el g\u00e9nero circo contempor\u00e1neo nos quedaba acotado o por lo menos no encajamos del todo en \u00e9l con nuestra propuesta esc\u00e9nica. Es por eso que decidimos a partir de ahora mencionar nuestro g\u00e9nero como CIRCO POL\u00cdTICO.<\/p>\t\t\t\t\t\t\t\t<\/div>\n\t\t\t\t<\/div>\n\t\t\t\t<div class=\"elementor-element elementor-element-9890c5f elementor-widget__width-initial elementor-widget elementor-widget-image\" data-id=\"9890c5f\" data-element_type=\"widget\" data-widget_type=\"image.default\">\n\t\t\t\t<div class=\"elementor-widget-container\">\n\t\t\t\t\t\t\t\t\t\t\t\t\t\t\t<img decoding=\"async\" src=\"https:\/\/atopecirco.com\/wp-content\/uploads\/2023\/12\/naranja.svg\" title=\"&#8211; naranja\" alt=\"- naranja\" loading=\"lazy\" \/>\t\t\t\t\t\t\t\t\t\t\t\t\t\t\t<\/div>\n\t\t\t\t<\/div>\n\t\t\t\t<div class=\"elementor-element elementor-element-25ec954 elementor-align-center elementor-widget__width-auto elementor-widget elementor-widget-button\" data-id=\"25ec954\" data-element_type=\"widget\" data-widget_type=\"button.default\">\n\t\t\t\t<div class=\"elementor-widget-container\">\n\t\t\t\t\t\t\t\t\t<div class=\"elementor-button-wrapper\">\n\t\t\t\t\t<a class=\"elementor-button elementor-button-link elementor-size-sm\" href=\"https:\/\/atopecirco.com\/index.php\/espanol\/\">\n\t\t\t\t\t\t<span class=\"elementor-button-content-wrapper\">\n\t\t\t\t\t\t\t\t\t<span class=\"elementor-button-text\">volver a P\u00c1GINA PRINCIPAL<\/span>\n\t\t\t\t\t<\/span>\n\t\t\t\t\t<\/a>\n\t\t\t\t<\/div>\n\t\t\t\t\t\t\t\t<\/div>\n\t\t\t\t<\/div>\n\t\t\t\t\t<\/div>\n\t\t\t\t<\/div>\n\t\t\t\t<\/div>\n\t\t\t\t<\/div>\n\t\t","protected":false},"excerpt":{"rendered":"<p>CIRCO POL\u00cdTICO Despu\u00e9s de varios a\u00f1os de reflexionar acerca de nuestras pr\u00e1cticas, producciones y haceres, como compa\u00f1\u00eda independiente, nos encontramos cuestionandonos acerca de las formas de nombrar lo que hacemos y fue as\u00ed como decidimos lanzarnos a la arriesgada aventura de preguntarnos, si el g\u00e9nero que denominamos circo contempor\u00e1neo, nos representa por completo. A ra\u00edz &#8230; <a title=\"Circo politico\" class=\"read-more\" href=\"https:\/\/atopecirco.com\/index.php\/circo-politico\/\" aria-label=\"Leer m\u00e1s sobre Circo politico\">Leer m\u00e1s<\/a><\/p>\n","protected":false},"author":1,"featured_media":0,"parent":0,"menu_order":0,"comment_status":"closed","ping_status":"closed","template":"","meta":{"footnotes":""},"class_list":["post-1449","page","type-page","status-publish"],"yoast_head":"<!-- This site is optimized with the Yoast SEO plugin v26.9 - https:\/\/yoast.com\/product\/yoast-seo-wordpress\/ -->\n<title>Circo politico | A tope<\/title>\n<meta name=\"robots\" content=\"index, follow, max-snippet:-1, max-image-preview:large, max-video-preview:-1\" \/>\n<link rel=\"canonical\" href=\"https:\/\/atopecirco.com\/index.php\/circo-politico\/\" \/>\n<meta property=\"og:locale\" content=\"es_ES\" \/>\n<meta property=\"og:type\" content=\"article\" \/>\n<meta property=\"og:title\" content=\"Circo politico | A tope\" \/>\n<meta property=\"og:description\" content=\"CIRCO POL\u00cdTICO Despu\u00e9s de varios a\u00f1os de reflexionar acerca de nuestras pr\u00e1cticas, producciones y haceres, como compa\u00f1\u00eda independiente, nos encontramos cuestionandonos acerca de las formas de nombrar lo que hacemos y fue as\u00ed como decidimos lanzarnos a la arriesgada aventura de preguntarnos, si el g\u00e9nero que denominamos circo contempor\u00e1neo, nos representa por completo. A ra\u00edz ... Leer m\u00e1s\" \/>\n<meta property=\"og:url\" content=\"https:\/\/atopecirco.com\/index.php\/circo-politico\/\" \/>\n<meta property=\"og:site_name\" content=\"A tope\" \/>\n<meta property=\"article:publisher\" content=\"https:\/\/www.facebook.com\/cia.atope\/\" \/>\n<meta property=\"article:modified_time\" content=\"2024-01-14T02:14:54+00:00\" \/>\n<meta property=\"og:image\" content=\"http:\/\/atopecirco.com\/wp-content\/uploads\/2023\/12\/naranja.svg\" \/>\n<meta name=\"twitter:card\" content=\"summary_large_image\" \/>\n<meta name=\"twitter:label1\" content=\"Tiempo de lectura\" \/>\n\t<meta name=\"twitter:data1\" content=\"3 minutos\" \/>\n<script type=\"application\/ld+json\" class=\"yoast-schema-graph\">{\"@context\":\"https:\/\/schema.org\",\"@graph\":[{\"@type\":\"WebPage\",\"@id\":\"https:\/\/atopecirco.com\/index.php\/circo-politico\/\",\"url\":\"https:\/\/atopecirco.com\/index.php\/circo-politico\/\",\"name\":\"Circo politico | A tope\",\"isPartOf\":{\"@id\":\"https:\/\/atopecirco.com\/#website\"},\"primaryImageOfPage\":{\"@id\":\"https:\/\/atopecirco.com\/index.php\/circo-politico\/#primaryimage\"},\"image\":{\"@id\":\"https:\/\/atopecirco.com\/index.php\/circo-politico\/#primaryimage\"},\"thumbnailUrl\":\"http:\/\/atopecirco.com\/wp-content\/uploads\/2023\/12\/naranja.svg\",\"datePublished\":\"2023-12-23T19:37:37+00:00\",\"dateModified\":\"2024-01-14T02:14:54+00:00\",\"breadcrumb\":{\"@id\":\"https:\/\/atopecirco.com\/index.php\/circo-politico\/#breadcrumb\"},\"inLanguage\":\"es-AR\",\"potentialAction\":[{\"@type\":\"ReadAction\",\"target\":[\"https:\/\/atopecirco.com\/index.php\/circo-politico\/\"]}]},{\"@type\":\"ImageObject\",\"inLanguage\":\"es-AR\",\"@id\":\"https:\/\/atopecirco.com\/index.php\/circo-politico\/#primaryimage\",\"url\":\"http:\/\/atopecirco.com\/wp-content\/uploads\/2023\/12\/naranja.svg\",\"contentUrl\":\"http:\/\/atopecirco.com\/wp-content\/uploads\/2023\/12\/naranja.svg\"},{\"@type\":\"BreadcrumbList\",\"@id\":\"https:\/\/atopecirco.com\/index.php\/circo-politico\/#breadcrumb\",\"itemListElement\":[{\"@type\":\"ListItem\",\"position\":1,\"name\":\"Inicio\",\"item\":\"https:\/\/atopecirco.com\/\"},{\"@type\":\"ListItem\",\"position\":2,\"name\":\"Circo politico\"}]},{\"@type\":\"WebSite\",\"@id\":\"https:\/\/atopecirco.com\/#website\",\"url\":\"https:\/\/atopecirco.com\/\",\"name\":\"A Tope Circo\",\"description\":\"circus company\",\"publisher\":{\"@id\":\"https:\/\/atopecirco.com\/#organization\"},\"alternateName\":\"A Tope\",\"potentialAction\":[{\"@type\":\"SearchAction\",\"target\":{\"@type\":\"EntryPoint\",\"urlTemplate\":\"https:\/\/atopecirco.com\/?s={search_term_string}\"},\"query-input\":{\"@type\":\"PropertyValueSpecification\",\"valueRequired\":true,\"valueName\":\"search_term_string\"}}],\"inLanguage\":\"es-AR\"},{\"@type\":\"Organization\",\"@id\":\"https:\/\/atopecirco.com\/#organization\",\"name\":\"A Tope\",\"url\":\"https:\/\/atopecirco.com\/\",\"logo\":{\"@type\":\"ImageObject\",\"inLanguage\":\"es-AR\",\"@id\":\"https:\/\/atopecirco.com\/#\/schema\/logo\/image\/\",\"url\":\"http:\/\/atopecirco.com\/wp-content\/uploads\/2024\/01\/Portada-SEO.jpg\",\"contentUrl\":\"http:\/\/atopecirco.com\/wp-content\/uploads\/2024\/01\/Portada-SEO.jpg\",\"width\":1200,\"height\":675,\"caption\":\"A Tope\"},\"image\":{\"@id\":\"https:\/\/atopecirco.com\/#\/schema\/logo\/image\/\"},\"sameAs\":[\"https:\/\/www.facebook.com\/cia.atope\/\",\"https:\/\/www.instagram.com\/cia.atope\/\",\"https:\/\/www.youtube.com\/channel\/UCzrcMgpw9YK1veuGDcyiu8w\"]}]}<\/script>\n<!-- \/ Yoast SEO plugin. -->","yoast_head_json":{"title":"Circo politico | A tope","robots":{"index":"index","follow":"follow","max-snippet":"max-snippet:-1","max-image-preview":"max-image-preview:large","max-video-preview":"max-video-preview:-1"},"canonical":"https:\/\/atopecirco.com\/index.php\/circo-politico\/","og_locale":"es_ES","og_type":"article","og_title":"Circo politico | A tope","og_description":"CIRCO POL\u00cdTICO Despu\u00e9s de varios a\u00f1os de reflexionar acerca de nuestras pr\u00e1cticas, producciones y haceres, como compa\u00f1\u00eda independiente, nos encontramos cuestionandonos acerca de las formas de nombrar lo que hacemos y fue as\u00ed como decidimos lanzarnos a la arriesgada aventura de preguntarnos, si el g\u00e9nero que denominamos circo contempor\u00e1neo, nos representa por completo. A ra\u00edz ... Leer m\u00e1s","og_url":"https:\/\/atopecirco.com\/index.php\/circo-politico\/","og_site_name":"A tope","article_publisher":"https:\/\/www.facebook.com\/cia.atope\/","article_modified_time":"2024-01-14T02:14:54+00:00","og_image":[{"url":"http:\/\/atopecirco.com\/wp-content\/uploads\/2023\/12\/naranja.svg","type":"","width":"","height":""}],"twitter_card":"summary_large_image","twitter_misc":{"Tiempo de lectura":"3 minutos"},"schema":{"@context":"https:\/\/schema.org","@graph":[{"@type":"WebPage","@id":"https:\/\/atopecirco.com\/index.php\/circo-politico\/","url":"https:\/\/atopecirco.com\/index.php\/circo-politico\/","name":"Circo politico | A tope","isPartOf":{"@id":"https:\/\/atopecirco.com\/#website"},"primaryImageOfPage":{"@id":"https:\/\/atopecirco.com\/index.php\/circo-politico\/#primaryimage"},"image":{"@id":"https:\/\/atopecirco.com\/index.php\/circo-politico\/#primaryimage"},"thumbnailUrl":"http:\/\/atopecirco.com\/wp-content\/uploads\/2023\/12\/naranja.svg","datePublished":"2023-12-23T19:37:37+00:00","dateModified":"2024-01-14T02:14:54+00:00","breadcrumb":{"@id":"https:\/\/atopecirco.com\/index.php\/circo-politico\/#breadcrumb"},"inLanguage":"es-AR","potentialAction":[{"@type":"ReadAction","target":["https:\/\/atopecirco.com\/index.php\/circo-politico\/"]}]},{"@type":"ImageObject","inLanguage":"es-AR","@id":"https:\/\/atopecirco.com\/index.php\/circo-politico\/#primaryimage","url":"http:\/\/atopecirco.com\/wp-content\/uploads\/2023\/12\/naranja.svg","contentUrl":"http:\/\/atopecirco.com\/wp-content\/uploads\/2023\/12\/naranja.svg"},{"@type":"BreadcrumbList","@id":"https:\/\/atopecirco.com\/index.php\/circo-politico\/#breadcrumb","itemListElement":[{"@type":"ListItem","position":1,"name":"Inicio","item":"https:\/\/atopecirco.com\/"},{"@type":"ListItem","position":2,"name":"Circo politico"}]},{"@type":"WebSite","@id":"https:\/\/atopecirco.com\/#website","url":"https:\/\/atopecirco.com\/","name":"A Tope Circo","description":"circus company","publisher":{"@id":"https:\/\/atopecirco.com\/#organization"},"alternateName":"A Tope","potentialAction":[{"@type":"SearchAction","target":{"@type":"EntryPoint","urlTemplate":"https:\/\/atopecirco.com\/?s={search_term_string}"},"query-input":{"@type":"PropertyValueSpecification","valueRequired":true,"valueName":"search_term_string"}}],"inLanguage":"es-AR"},{"@type":"Organization","@id":"https:\/\/atopecirco.com\/#organization","name":"A Tope","url":"https:\/\/atopecirco.com\/","logo":{"@type":"ImageObject","inLanguage":"es-AR","@id":"https:\/\/atopecirco.com\/#\/schema\/logo\/image\/","url":"http:\/\/atopecirco.com\/wp-content\/uploads\/2024\/01\/Portada-SEO.jpg","contentUrl":"http:\/\/atopecirco.com\/wp-content\/uploads\/2024\/01\/Portada-SEO.jpg","width":1200,"height":675,"caption":"A Tope"},"image":{"@id":"https:\/\/atopecirco.com\/#\/schema\/logo\/image\/"},"sameAs":["https:\/\/www.facebook.com\/cia.atope\/","https:\/\/www.instagram.com\/cia.atope\/","https:\/\/www.youtube.com\/channel\/UCzrcMgpw9YK1veuGDcyiu8w"]}]}},"_links":{"self":[{"href":"https:\/\/atopecirco.com\/index.php\/wp-json\/wp\/v2\/pages\/1449","targetHints":{"allow":["GET"]}}],"collection":[{"href":"https:\/\/atopecirco.com\/index.php\/wp-json\/wp\/v2\/pages"}],"about":[{"href":"https:\/\/atopecirco.com\/index.php\/wp-json\/wp\/v2\/types\/page"}],"author":[{"embeddable":true,"href":"https:\/\/atopecirco.com\/index.php\/wp-json\/wp\/v2\/users\/1"}],"replies":[{"embeddable":true,"href":"https:\/\/atopecirco.com\/index.php\/wp-json\/wp\/v2\/comments?post=1449"}],"version-history":[{"count":49,"href":"https:\/\/atopecirco.com\/index.php\/wp-json\/wp\/v2\/pages\/1449\/revisions"}],"predecessor-version":[{"id":2465,"href":"https:\/\/atopecirco.com\/index.php\/wp-json\/wp\/v2\/pages\/1449\/revisions\/2465"}],"wp:attachment":[{"href":"https:\/\/atopecirco.com\/index.php\/wp-json\/wp\/v2\/media?parent=1449"}],"curies":[{"name":"wp","href":"https:\/\/api.w.org\/{rel}","templated":true}]}}